{"id":1209,"date":"2019-04-13T16:01:50","date_gmt":"2019-04-13T14:01:50","guid":{"rendered":"https:\/\/www.sodni-tolmac.si\/?page_id=1209"},"modified":"2019-04-13T16:27:16","modified_gmt":"2019-04-13T14:27:16","slug":"privacy-policy","status":"publish","type":"page","link":"https:\/\/www.sodni-tolmac.si\/en\/privacy-policy\/","title":{"rendered":"Privacy Policy"},"content":{"rendered":"<div class=\"wpb-content-wrapper\"><p>[vc_row row_height_percent=&#8221;0&#8243; override_padding=&#8221;yes&#8221; h_padding=&#8221;2&#8243; top_padding=&#8221;3&#8243; bottom_padding=&#8221;3&#8243; back_image=&#8221;145&#8243; overlay_alpha=&#8221;50&#8243; gutter_size=&#8221;3&#8243; shift_y=&#8221;0&#8243;][vc_column width=&#8221;1\/2&#8243;][vc_custom_heading heading_semantic=&#8221;h1&#8243; text_size=&#8221;h1&#8243; sub_lead=&#8221;yes&#8221; sub_reduced=&#8221;yes&#8221; subheading=&#8221;Our privacy policy is compiled in accordance with the Consumer Protection Act and the Personal Data Protection Act. It determines the terms of use of the website www.sodni-tolmac.si, managed by LEX TRA d.o.o. (hereinafter referred to as the \u201cprovider\u201d) and the conditions for the processing of personal data collected by the provider.&#8221;]Privacy Policy[\/vc_custom_heading][\/vc_column][vc_column width=&#8221;1\/2&#8243;][\/vc_column][\/vc_row][vc_row row_height_percent=&#8221;0&#8243; override_padding=&#8221;yes&#8221; h_padding=&#8221;2&#8243; top_padding=&#8221;3&#8243; bottom_padding=&#8221;3&#8243; overlay_alpha=&#8221;50&#8243; gutter_size=&#8221;3&#8243; shift_y=&#8221;0&#8243;][vc_column width=&#8221;1\/1&#8243;][vc_column_text]<\/p>\n<h3>Personal data protection<\/h3>\n<p>The provider collects clients\u2019 personal data through the website <a href=\"https:\/\/www.sodni-tolmac.si\/\">www.sodni-tolmac.si<\/a> and processes them as personal data manager in accordance with the applicable legislation in the field of personal data protection.<\/p>\n<p>Our policy regarding personal data protection:<\/p>\n<ul>\n<li>We never give out information about our clients, we do not sell them and do not allow them to be processed by any third party.<\/li>\n<li>We store personal data as long as this is strictly necessary to fulfill the purpose for which it was collected or until the consent of the individual is revoked.<\/li>\n<li>We commit ourselves to the permanent protection of all personal information of our clients.<\/li>\n<li>Personal data is handled only by the authorized persons of the provider.<\/li>\n<li>In the future, the rules on the protection of personal data will be amended and supplemented in accordance with the amendments to the legislation in the area of the protection of personal data.<\/li>\n<\/ul>\n<p>[\/vc_column_text][vc_separator sep_color=&#8221;color-uydo&#8221;][vc_column_text]<\/p>\n<h3>Purpose of personal data processing<\/h3>\n<ul>\n<li>The provider will use personal data exclusively for the purpose for which it was collected and for which they have the consent for.<\/li>\n<li>Personal data of the clients who have consented to receiving our news and invitations will be notified through e-mail no more than once a month.<\/li>\n<li>Personal data of clients who sent us a message through the website\u2019s contact forms will be used exclusively for the response to the submitted request, inquiry or order.<\/li>\n<\/ul>\n<p>[\/vc_column_text][vc_separator sep_color=&#8221;color-uydo&#8221;][vc_column_text]<\/p>\n<h3>Procedure for enforcing the rights of the individual<\/h3>\n<ul>\n<li>For any information on the processing of personal data or your rights as a data subject (right of access, correction, deletion, processing restrictions, transferability and objection), you may contact the operator LEX TRA d.o.o. Dalmatinova ulica 2, SI-1000 Ljubljana, by post, by e-mail to <a href=\"mailto:prevodi@lextra.si\">prevodi@lextra.si<\/a> or by phone +386 1 230 84 78.<\/li>\n<li>The operator will respond to your request, with which you exercise your rights in connection with personal data, without undue delay and no later than one month after receiving the request.<\/li>\n<li>For the purposes of reliable identification in the case of the exercise of rights in connection with personal data, the operator may request additional information from you and can only deny action if he proves that he can not reliably identify you.<\/li>\n<\/ul>\n<p>[\/vc_column_text][vc_separator sep_color=&#8221;color-uydo&#8221;][vc_column_text]<\/p>\n<h3>Unsubscribing from notifications<\/h3>\n<ul>\n<li>You can unsubscribe from emails whenever you want, just by clicking on the unsubscribe link in the received e-mail. You can also send us your preferences in writing to the company address.<\/li>\n<li>If you still receive notifications, despite unsubscribing, we apologize and kindly ask you to notify us immediately.<\/li>\n<\/ul>\n<p>[\/vc_column_text][vc_separator sep_color=&#8221;color-uydo&#8221;][vc_column_text]<\/p>\n<h3>Right to appeal<\/h3>\n<p>If you believe that our processing of personal data violates the applicable legislation in the field of personal data protection, you have the right to file a complaint with the Information commissioner, to the address Informacijski poobla\u0161\u010denec, Zalo\u0161ka cesta\u00a059, 1000\u00a0Ljubljana, Slovenia, phone +386 1\u00a0230\u00a097\u00a030, e-mail\u00a0<a href=\"mailto:gp.ip@ip-rs.si\">gp.ip@ip-rs.si<\/a>.[\/vc_column_text][vc_separator sep_color=&#8221;color-uydo&#8221;][vc_column_text]<strong>Ljubljana, May 25, 2018<\/strong><br \/>\n<strong>LEX TRA d.o.o.<\/strong>[\/vc_column_text][\/vc_column][\/vc_row]<\/p>\n<\/div>","protected":false},"excerpt":{"rendered":"<p>[vc_row row_height_percent=&#8221;0&#8243; override_padding=&#8221;yes&#8221; h_padding=&#8221;2&#8243; top_padding=&#8221;3&#8243; bottom_padding=&#8221;3&#8243; back_image=&#8221;145&#8243; overlay_alpha=&#8221;50&#8243; gutter_size=&#8221;3&#8243; shift_y=&#8221;0&#8243;][vc_column width=&#8221;1\/2&#8243;][vc_custom_heading heading_semantic=&#8221;h1&#8243; text_size=&#8221;h1&#8243; sub_lead=&#8221;yes&#8221; sub_reduced=&#8221;yes&#8221; subheading=&#8221;Our privacy policy is compiled [&hellip;]<\/p>\n","protected":false},"author":1,"featured_media":0,"parent":0,"menu_order":21,"comment_status":"closed","ping_status":"closed","template":"","meta":{"footnotes":""},"class_list":["post-1209","page","type-page","status-publish","hentry"],"yoast_head":"<!-- This site is optimized with the Yoast SEO plugin v27.5 - https:\/\/yoast.com\/product\/yoast-seo-wordpress\/ -->\n<title>Privacy Policy - LEX TRA<\/title>\n<meta name=\"robots\" content=\"index, follow, max-snippet:-1, max-image-preview:large, max-video-preview:-1\" \/>\n<link rel=\"canonical\" href=\"https:\/\/www.sodni-tolmac.si\/en\/privacy-policy\/\" \/>\n<meta property=\"og:locale\" content=\"en_US\" \/>\n<meta property=\"og:type\" content=\"article\" \/>\n<meta property=\"og:title\" content=\"Privacy Policy - LEX TRA\" \/>\n<meta property=\"og:description\" content=\"[vc_row row_height_percent=&#8221;0&#8243; override_padding=&#8221;yes&#8221; h_padding=&#8221;2&#8243; top_padding=&#8221;3&#8243; bottom_padding=&#8221;3&#8243; back_image=&#8221;145&#8243; overlay_alpha=&#8221;50&#8243; gutter_size=&#8221;3&#8243; shift_y=&#8221;0&#8243;][vc_column width=&#8221;1\/2&#8243;][vc_custom_heading heading_semantic=&#8221;h1&#8243; text_size=&#8221;h1&#8243; sub_lead=&#8221;yes&#8221; sub_reduced=&#8221;yes&#8221; subheading=&#8221;Our privacy policy is compiled [&hellip;]\" \/>\n<meta property=\"og:url\" content=\"https:\/\/www.sodni-tolmac.si\/en\/privacy-policy\/\" \/>\n<meta property=\"og:site_name\" content=\"LEX TRA\" \/>\n<meta property=\"article:modified_time\" content=\"2019-04-13T14:27:16+00:00\" \/>\n<meta name=\"twitter:card\" content=\"summary_large_image\" \/>\n<meta name=\"twitter:label1\" content=\"Est. reading time\" \/>\n\t<meta name=\"twitter:data1\" content=\"3 minutes\" \/>\n<script type=\"application\/ld+json\" class=\"yoast-schema-graph\">{\"@context\":\"https:\\\/\\\/schema.org\",\"@graph\":[{\"@type\":\"WebPage\",\"@id\":\"https:\\\/\\\/www.sodni-tolmac.si\\\/en\\\/privacy-policy\\\/\",\"url\":\"https:\\\/\\\/www.sodni-tolmac.si\\\/en\\\/privacy-policy\\\/\",\"name\":\"Privacy Policy - LEX TRA\",\"isPartOf\":{\"@id\":\"https:\\\/\\\/www.sodni-tolmac.si\\\/#website\"},\"datePublished\":\"2019-04-13T14:01:50+00:00\",\"dateModified\":\"2019-04-13T14:27:16+00:00\",\"breadcrumb\":{\"@id\":\"https:\\\/\\\/www.sodni-tolmac.si\\\/en\\\/privacy-policy\\\/#breadcrumb\"},\"inLanguage\":\"en-US\",\"potentialAction\":[{\"@type\":\"ReadAction\",\"target\":[\"https:\\\/\\\/www.sodni-tolmac.si\\\/en\\\/privacy-policy\\\/\"]}]},{\"@type\":\"BreadcrumbList\",\"@id\":\"https:\\\/\\\/www.sodni-tolmac.si\\\/en\\\/privacy-policy\\\/#breadcrumb\",\"itemListElement\":[{\"@type\":\"ListItem\",\"position\":1,\"name\":\"Home\",\"item\":\"https:\\\/\\\/www.sodni-tolmac.si\\\/en\\\/\"},{\"@type\":\"ListItem\",\"position\":2,\"name\":\"Privacy Policy\"}]},{\"@type\":\"WebSite\",\"@id\":\"https:\\\/\\\/www.sodni-tolmac.si\\\/#website\",\"url\":\"https:\\\/\\\/www.sodni-tolmac.si\\\/\",\"name\":\"LEX TRA\",\"description\":\"Legal Translation Experts\",\"potentialAction\":[{\"@type\":\"SearchAction\",\"target\":{\"@type\":\"EntryPoint\",\"urlTemplate\":\"https:\\\/\\\/www.sodni-tolmac.si\\\/?s={search_term_string}\"},\"query-input\":{\"@type\":\"PropertyValueSpecification\",\"valueRequired\":true,\"valueName\":\"search_term_string\"}}],\"inLanguage\":\"en-US\"}]}<\/script>\n<!-- \/ Yoast SEO plugin. -->","yoast_head_json":{"title":"Privacy Policy - LEX TRA","robots":{"index":"index","follow":"follow","max-snippet":"max-snippet:-1","max-image-preview":"max-image-preview:large","max-video-preview":"max-video-preview:-1"},"canonical":"https:\/\/www.sodni-tolmac.si\/en\/privacy-policy\/","og_locale":"en_US","og_type":"article","og_title":"Privacy Policy - LEX TRA","og_description":"[vc_row row_height_percent=&#8221;0&#8243; override_padding=&#8221;yes&#8221; h_padding=&#8221;2&#8243; top_padding=&#8221;3&#8243; bottom_padding=&#8221;3&#8243; back_image=&#8221;145&#8243; overlay_alpha=&#8221;50&#8243; gutter_size=&#8221;3&#8243; shift_y=&#8221;0&#8243;][vc_column width=&#8221;1\/2&#8243;][vc_custom_heading heading_semantic=&#8221;h1&#8243; text_size=&#8221;h1&#8243; sub_lead=&#8221;yes&#8221; sub_reduced=&#8221;yes&#8221; subheading=&#8221;Our privacy policy is compiled [&hellip;]","og_url":"https:\/\/www.sodni-tolmac.si\/en\/privacy-policy\/","og_site_name":"LEX TRA","article_modified_time":"2019-04-13T14:27:16+00:00","twitter_card":"summary_large_image","twitter_misc":{"Est. reading time":"3 minutes"},"schema":{"@context":"https:\/\/schema.org","@graph":[{"@type":"WebPage","@id":"https:\/\/www.sodni-tolmac.si\/en\/privacy-policy\/","url":"https:\/\/www.sodni-tolmac.si\/en\/privacy-policy\/","name":"Privacy Policy - LEX TRA","isPartOf":{"@id":"https:\/\/www.sodni-tolmac.si\/#website"},"datePublished":"2019-04-13T14:01:50+00:00","dateModified":"2019-04-13T14:27:16+00:00","breadcrumb":{"@id":"https:\/\/www.sodni-tolmac.si\/en\/privacy-policy\/#breadcrumb"},"inLanguage":"en-US","potentialAction":[{"@type":"ReadAction","target":["https:\/\/www.sodni-tolmac.si\/en\/privacy-policy\/"]}]},{"@type":"BreadcrumbList","@id":"https:\/\/www.sodni-tolmac.si\/en\/privacy-policy\/#breadcrumb","itemListElement":[{"@type":"ListItem","position":1,"name":"Home","item":"https:\/\/www.sodni-tolmac.si\/en\/"},{"@type":"ListItem","position":2,"name":"Privacy Policy"}]},{"@type":"WebSite","@id":"https:\/\/www.sodni-tolmac.si\/#website","url":"https:\/\/www.sodni-tolmac.si\/","name":"LEX TRA","description":"Legal Translation Experts","potentialAction":[{"@type":"SearchAction","target":{"@type":"EntryPoint","urlTemplate":"https:\/\/www.sodni-tolmac.si\/?s={search_term_string}"},"query-input":{"@type":"PropertyValueSpecification","valueRequired":true,"valueName":"search_term_string"}}],"inLanguage":"en-US"}]}},"_links":{"self":[{"href":"https:\/\/www.sodni-tolmac.si\/en\/wp-json\/wp\/v2\/pages\/1209","targetHints":{"allow":["GET"]}}],"collection":[{"href":"https:\/\/www.sodni-tolmac.si\/en\/wp-json\/wp\/v2\/pages"}],"about":[{"href":"https:\/\/www.sodni-tolmac.si\/en\/wp-json\/wp\/v2\/types\/page"}],"author":[{"embeddable":true,"href":"https:\/\/www.sodni-tolmac.si\/en\/wp-json\/wp\/v2\/users\/1"}],"replies":[{"embeddable":true,"href":"https:\/\/www.sodni-tolmac.si\/en\/wp-json\/wp\/v2\/comments?post=1209"}],"version-history":[{"count":2,"href":"https:\/\/www.sodni-tolmac.si\/en\/wp-json\/wp\/v2\/pages\/1209\/revisions"}],"predecessor-version":[{"id":1213,"href":"https:\/\/www.sodni-tolmac.si\/en\/wp-json\/wp\/v2\/pages\/1209\/revisions\/1213"}],"wp:attachment":[{"href":"https:\/\/www.sodni-tolmac.si\/en\/wp-json\/wp\/v2\/media?parent=1209"}],"curies":[{"name":"wp","href":"https:\/\/api.w.org\/{rel}","templated":true}]}}